{"id":239105,"date":"2020-08-20T12:43:36","date_gmt":"2020-08-20T12:43:36","guid":{"rendered":"https:\/\/proximed-physio.de\/?page_id=239105"},"modified":"2025-08-26T11:59:51","modified_gmt":"2025-08-26T11:59:51","slug":"impressum","status":"publish","type":"page","link":"https:\/\/proximed-physio.de\/en\/impressum\/","title":{"rendered":"IMPRESSUM"},"content":{"rendered":"<div data-elementor-type=\"wp-page\" data-elementor-id=\"239105\" class=\"elementor elementor-239105\" data-elementor-post-type=\"page\">\n\t\t\t\t\t\t<section class=\"elementor-section elementor-top-section elementor-element elementor-element-28c8046a elementor-section-height-min-height elementor-section-boxed elementor-section-height-default elementor-section-items-middle\" data-id=\"28c8046a\" data-element_type=\"section\" data-settings=\"{&quot;background_background&quot;:&quot;classic&quot;,&quot;shape_divider_bottom&quot;:&quot;tilt&quot;}\">\n\t\t\t\t\t\t\t<div class=\"elementor-background-overlay\"><\/div>\n\t\t\t\t\t\t<div class=\"elementor-shape elementor-shape-bottom\" aria-hidden=\"true\" data-negative=\"false\">\n\t\t\t<svg xmlns=\"http:\/\/www.w3.org\/2000\/svg\" viewbox=\"0 0 1000 100\" preserveaspectratio=\"none\">\n\t<path class=\"elementor-shape-fill\" d=\"M0,6V0h1000v100L0,6z\"\/>\n<\/svg>\t\t<\/div>\n\t\t\t\t\t<div class=\"elementor-container elementor-column-gap-default\">\n\t\t\t\t\t<div class=\"elementor-column elementor-col-100 elementor-top-column elementor-element elementor-element-1272b4b6\" data-id=\"1272b4b6\" data-element_type=\"column\">\n\t\t\t<div class=\"elementor-widget-wrap\">\n\t\t\t\t\t\t\t<\/div>\n\t\t<\/div>\n\t\t\t\t\t<\/div>\n\t\t<\/section>\n\t\t\t\t<section class=\"elementor-section elementor-top-section elementor-element elementor-element-461bb12c elementor-section-boxed elementor-section-height-default elementor-section-height-default\" data-id=\"461bb12c\" data-element_type=\"section\">\n\t\t\t\t\t\t<div class=\"elementor-container elementor-column-gap-default\">\n\t\t\t\t\t<div class=\"elementor-column elementor-col-100 elementor-top-column elementor-element elementor-element-3b648e92\" data-id=\"3b648e92\" data-element_type=\"column\">\n\t\t\t<div class=\"elementor-widget-wrap elementor-element-populated\">\n\t\t\t\t\t\t<div class=\"elementor-element elementor-element-4d590d8 elementor-widget elementor-widget-heading\" data-id=\"4d590d8\" data-element_type=\"widget\" data-widget_type=\"heading.default\">\n\t\t\t\t<div class=\"elementor-widget-container\">\n\t\t\t\t\t<h6 class=\"elementor-heading-title elementor-size-default\">IMPRESSUM<\/h6>\t\t\t\t<\/div>\n\t\t\t\t<\/div>\n\t\t\t\t<div class=\"elementor-element elementor-element-3dfa09ae elementor-widget elementor-widget-text-editor\" data-id=\"3dfa09ae\" data-element_type=\"widget\" data-widget_type=\"text-editor.default\">\n\t\t\t\t<div class=\"elementor-widget-container\">\n\t\t\t\t\t\t\t\t\t<h1 class=\"pageTitle\">\u00a0<\/h1><p data-start=\"199\" data-end=\"282\"><strong data-start=\"199\" data-end=\"225\">Angaben gem\u00e4\u00df \u00a7 5 DDG:<\/strong><br data-start=\"225\" data-end=\"228\" \/>Proximed-Physio GmbH<br data-start=\"248\" data-end=\"251\" \/>Hauptstra\u00dfe 19<br data-start=\"265\" data-end=\"268\" \/>10827 Berlin<\/p><p data-start=\"284\" data-end=\"323\"><strong data-start=\"284\" data-end=\"304\">Represented by:<\/strong><br data-start=\"304\" data-end=\"307\" \/>Sascha Scheika<\/p><p data-start=\"325\" data-end=\"434\"><strong data-start=\"325\" data-end=\"337\">Contact<\/strong><br data-start=\"337\" data-end=\"340\" \/>Phone<br data-start=\"367\" data-end=\"370\" \/>Telefax: +49 (0) 30 81821875<br data-start=\"398\" data-end=\"401\" \/>E-Mail: <a class=\"decorated-link cursor-pointer\" rel=\"noopener\" data-start=\"409\" data-end=\"432\">info@proximed-physio.de<\/a><\/p><p data-start=\"436\" data-end=\"565\"><strong data-start=\"436\" data-end=\"456\">Register entry:<\/strong><br data-start=\"456\" data-end=\"459\" \/>Eintragung im Handelsregister<br data-start=\"488\" data-end=\"491\" \/>Register Court: Charlottenburg Local Court<br data-start=\"534\" data-end=\"537\" \/>Registration number: HR B 85171<\/p><p data-start=\"567\" data-end=\"677\"><strong data-start=\"567\" data-end=\"587\">Umsatzsteuer-ID:<\/strong><br data-start=\"587\" data-end=\"590\" \/>Umsatzsteuer-Identifikationsnummer gem\u00e4\u00df \u00a7 27 a UStG: (bitte erg\u00e4nzen, falls vorhanden)<\/p><hr data-start=\"679\" data-end=\"682\" \/><h2 data-start=\"684\" data-end=\"712\">Berufsrechtliche Angaben<\/h2><p data-start=\"714\" data-end=\"781\"><strong data-start=\"714\" data-end=\"736\">Berufsbezeichnung:<\/strong><br data-start=\"736\" data-end=\"739\" \/>Physiotherapeut (verliehen in Deutschland)<\/p><p data-start=\"783\" data-end=\"1014\"><strong data-start=\"783\" data-end=\"806\">Zust\u00e4ndige Beh\u00f6rde:<\/strong><br data-start=\"806\" data-end=\"809\" \/>Landesamt f\u00fcr Gesundheit und Soziales (LAGeSo) Berlin \u2013 erteilt die Erlaubnis zur F\u00fchrung der Berufsbezeichnung \u201ePhysiotherapeut\u201c nach bestandener staatlicher Pr\u00fcfung <span class=\"\" data-state=\"closed\"><span class=\"ms-1 inline-flex max-w-full items-center relative top-[-0.094rem] animate-[show_150ms_ease-in]\" data-testid=\"webpage-citation-pill\"><a class=\"flex h-4.5 overflow-hidden rounded-xl px-2 text-[9px] font-medium text-token-text-secondary! bg-[#F4F4F4]! dark:bg-[#303030]! transition-colors duration-150 ease-in-out\" href=\"https:\/\/service.berlin.de\/dienstleistung\/325567\/?utm_source=chatgpt.com\" target=\"_blank\" rel=\"noopener\"><span class=\"relative start-0 bottom-0 flex h-full w-full items-center\"><span class=\"flex h-4 w-full items-center justify-between overflow-hidden\"><span class=\"max-w-full grow truncate overflow-hidden text-center\">ServicePortal Berlin<\/span><\/span><\/span><\/a><\/span><\/span>.<\/p><p data-start=\"1016\" data-end=\"1039\"><strong data-start=\"1016\" data-end=\"1037\">Rechtsgrundlagen:<\/strong><\/p><ul data-start=\"1040\" data-end=\"1246\"><li data-start=\"1040\" data-end=\"1134\"><p data-start=\"1042\" data-end=\"1134\">Gesetz \u00fcber die Berufe in der Physiotherapie (Masseur- und Physiotherapeutengesetz \u2013 MPhG)<\/p><\/li><li data-start=\"1135\" data-end=\"1246\"><p data-start=\"1137\" data-end=\"1246\">Ausbildungs- und Pr\u00fcfungsverordnung f\u00fcr Physiotherapeuten (PhysTh-AprV) <span class=\"\" data-state=\"closed\"><span class=\"ms-1 inline-flex max-w-full items-center relative top-[-0.094rem] animate-[show_150ms_ease-in]\" data-testid=\"webpage-citation-pill\"><a class=\"flex h-4.5 overflow-hidden rounded-xl px-2 text-[9px] font-medium text-token-text-secondary! bg-[#F4F4F4]! dark:bg-[#303030]! transition-colors duration-150 ease-in-out\" href=\"https:\/\/www.berlin.de\/lageso\/gesundheit\/berufe-im-gesundheitswesen\/ausbildung-im-inland\/physiotherapeutin-physiotherapeut\/?utm_source=chatgpt.com\" target=\"_blank\" rel=\"noopener\"><span class=\"relative start-0 bottom-0 flex h-full w-full items-center\"><span class=\"flex h-4 w-full items-center justify-between overflow-hidden\"><span class=\"max-w-full grow truncate overflow-hidden text-center\">Berlin.de<\/span><\/span><\/span><\/a><\/span><\/span><span class=\"\" data-state=\"closed\"><span class=\"ms-1 inline-flex max-w-full items-center relative top-[-0.094rem] animate-[show_150ms_ease-in]\" data-testid=\"webpage-citation-pill\"><a class=\"flex h-4.5 overflow-hidden rounded-xl px-2 text-[9px] font-medium text-token-text-secondary! bg-[#F4F4F4]! dark:bg-[#303030]! transition-colors duration-150 ease-in-out\" href=\"https:\/\/www.gesetze-im-internet.de\/physth-aprv\/BJNR378600994.html?utm_source=chatgpt.com\" target=\"_blank\" rel=\"noopener\"><span class=\"relative start-0 bottom-0 flex h-full w-full items-center\"><span class=\"flex h-4 w-full items-center justify-between overflow-hidden\"><span class=\"max-w-full grow truncate overflow-hidden text-center\">Gesetze im Internet<\/span><\/span><\/span><\/a><\/span><\/span><\/p><\/li><\/ul><p data-start=\"1248\" data-end=\"1458\"><strong data-start=\"1248\" data-end=\"1317\">Berufsordnung (z. B. Deutscher Verband f\u00fcr Physiotherapie \u2013 ZVK):<\/strong><br data-start=\"1317\" data-end=\"1320\" \/>Regelt u. a. Schweigepflicht, werbliche Zur\u00fcckhaltung, Informationspflicht sowie ethische Standards <span class=\"\" data-state=\"closed\"><span class=\"ms-1 inline-flex max-w-full items-center relative top-[-0.094rem] animate-[show_150ms_ease-in]\" data-testid=\"webpage-citation-pill\"><a class=\"flex h-4.5 overflow-hidden rounded-xl px-2 text-[9px] font-medium text-token-text-secondary! bg-[#F4F4F4]! dark:bg-[#303030]! transition-colors duration-150 ease-in-out\" href=\"https:\/\/www.physio-deutschland.de\/fileadmin\/data\/bund\/Dateien_oeffentlich\/Beruf_und_Bildung\/Ausbildung\/ZVK-Verband-Berufsordnung-BroschA5-2012-RZ.pdf?utm_source=chatgpt.com\" target=\"_blank\" rel=\"noopener\"><span class=\"relative start-0 bottom-0 flex h-full w-full items-center\"><span class=\"flex h-4 w-full items-center justify-between\"><span class=\"max-w-full grow truncate overflow-hidden text-center\">Physio Deutschland<\/span><span class=\"-me-1 flex h-full items-center rounded-full px-1 text-[#8F8F8F]\">+1<\/span><\/span><\/span><\/a><\/span><\/span><span class=\"\" data-state=\"closed\"><span class=\"ms-1 inline-flex max-w-full items-center relative top-[-0.094rem] animate-[show_150ms_ease-in]\" data-testid=\"webpage-citation-pill\"><a class=\"flex h-4.5 overflow-hidden rounded-xl px-2 text-[9px] font-medium text-token-text-secondary! bg-[#F4F4F4]! dark:bg-[#303030]! transition-colors duration-150 ease-in-out\" href=\"https:\/\/physioleistung.de\/wp-content\/uploads\/berufsordnung-fuer-physiotherapeuten.pdf?utm_source=chatgpt.com\" target=\"_blank\" rel=\"noopener\"><span class=\"relative start-0 bottom-0 flex h-full w-full items-center\"><span class=\"flex h-4 w-full items-center justify-between overflow-hidden\"><span class=\"max-w-full grow truncate overflow-hidden text-center\">physioleistung.de<\/span><\/span><\/span><\/a><\/span><\/span>.<\/p><hr data-start=\"1460\" data-end=\"1463\" \/><h2 data-start=\"1465\" data-end=\"1490\">Liability for content<\/h2><p data-start=\"1491\" data-end=\"1742\">Wir sind gem\u00e4\u00df \u00a7 7 Abs. 1 DDG f\u00fcr eigene Inhalte verantwortlich; gem\u00e4\u00df \u00a7\u00a7 8\u201310 DDG jedoch nicht verpflichtet, fremde Inhalte zu \u00fcberwachen. Haftung erst ab Kenntnis konkreter Rechtsverletzungen. Bei Bekanntwerden werden wir Inhalte umgehend entfernen.<\/p><h2 data-start=\"1744\" data-end=\"1767\">Liability for links<\/h2><p data-start=\"1768\" data-end=\"2020\">Links zu externen Websites unterliegen der Verantwortung der jeweiligen Anbieter. Bei Verlinkung waren keine Rechtsverst\u00f6\u00dfe erkennbar. Eine permanente Kontrolle ist ohne konkrete Anhaltspunkte unzumutbar. Bei Bekanntwerden erfolgt sofortige Entfernung.<\/p><h2 data-start=\"2022\" data-end=\"2040\">Copyright<\/h2><p data-start=\"2041\" data-end=\"2397\">Alle Inhalte und Werke unterliegen dem deutschen Urheberrecht. Vervielf\u00e4ltigung, Bearbeitung, Verbreitung etc. sind nur mit schriftlicher Zustimmung erlaubt \u2013 nur f\u00fcr private, nicht-kommerzielle Nutzung. Nicht vom Betreiber erstellte Inhalte werden entsprechend gekennzeichnet. Hinweis auf m\u00f6gliche Rechtsverletzungen gerne erw\u00fcnscht \u2013 wir reagieren z\u00fcgig.<\/p>\t\t\t\t\t\t\t\t<\/div>\n\t\t\t\t<\/div>\n\t\t\t\t\t<\/div>\n\t\t<\/div>\n\t\t\t\t\t<\/div>\n\t\t<\/section>\n\t\t\t\t<\/div>","protected":false},"excerpt":{"rendered":"<p>IMPRESSUM \u00a0 Angaben gem\u00e4\u00df \u00a7 5 DDG:Proximed-Physio GmbHHauptstra\u00dfe 1910827 Berlin Vertreten durch:Sascha Scheika Kontakt:Telefon: +49 (0) 30 7822293Telefax: +49 (0) 30 81821875E-Mail: info@proximed-physio.de Registereintrag:Eintragung im HandelsregisterRegistergericht: Amtsgericht CharlottenburgRegisternummer: HR B 85171 Umsatzsteuer-ID:Umsatzsteuer-Identifikationsnummer gem\u00e4\u00df \u00a7 27 a UStG: (bitte erg\u00e4nzen, falls vorhanden) Berufsrechtliche Angaben Berufsbezeichnung:Physiotherapeut (verliehen in Deutschland) Zust\u00e4ndige Beh\u00f6rde:Landesamt f\u00fcr Gesundheit und Soziales (LAGeSo) Berlin [&hellip;]<\/p>","protected":false},"author":8,"featured_media":0,"parent":0,"menu_order":0,"comment_status":"closed","ping_status":"closed","template":"","meta":{"om_disable_all_campaigns":false,"_monsterinsights_skip_tracking":false,"_monsterinsights_sitenote_active":false,"_monsterinsights_sitenote_note":"","_monsterinsights_sitenote_category":0,"ocean_post_layout":"full-screen","ocean_both_sidebars_style":"","ocean_both_sidebars_content_width":0,"ocean_both_sidebars_sidebars_width":0,"ocean_sidebar":"0","ocean_second_sidebar":"0","ocean_disable_margins":"enable","ocean_add_body_class":"","ocean_shortcode_before_top_bar":"","ocean_shortcode_after_top_bar":"","ocean_shortcode_before_header":"","ocean_shortcode_after_header":"","ocean_has_shortcode":"","ocean_shortcode_after_title":"","ocean_shortcode_before_footer_widgets":"","ocean_shortcode_after_footer_widgets":"","ocean_shortcode_before_footer_bottom":"","ocean_shortcode_after_footer_bottom":"","ocean_display_top_bar":"off","ocean_display_header":"on","ocean_header_style":"","ocean_center_header_left_menu":"0","ocean_custom_header_template":"0","ocean_custom_logo":242259,"ocean_custom_retina_logo":0,"ocean_custom_logo_max_width":0,"ocean_custom_logo_tablet_max_width":0,"ocean_custom_logo_mobile_max_width":0,"ocean_custom_logo_max_height":0,"ocean_custom_logo_tablet_max_height":0,"ocean_custom_logo_mobile_max_height":0,"ocean_header_custom_menu":"0","ocean_menu_typo_font_family":"0","ocean_menu_typo_font_subset":"","ocean_menu_typo_font_size":0,"ocean_menu_typo_font_size_tablet":0,"ocean_menu_typo_font_size_mobile":0,"ocean_menu_typo_font_size_unit":"px","ocean_menu_typo_font_weight":"","ocean_menu_typo_font_weight_tablet":"","ocean_menu_typo_font_weight_mobile":"","ocean_menu_typo_transform":"","ocean_menu_typo_transform_tablet":"","ocean_menu_typo_transform_mobile":"","ocean_menu_typo_line_height":0,"ocean_menu_typo_line_height_tablet":0,"ocean_menu_typo_line_height_mobile":0,"ocean_menu_typo_line_height_unit":"","ocean_menu_typo_spacing":0,"ocean_menu_typo_spacing_tablet":0,"ocean_menu_typo_spacing_mobile":0,"ocean_menu_typo_spacing_unit":"","ocean_menu_link_color":"","ocean_menu_link_color_hover":"","ocean_menu_link_color_active":"","ocean_menu_link_background":"","ocean_menu_link_hover_background":"","ocean_menu_link_active_background":"","ocean_menu_social_links_bg":"","ocean_menu_social_hover_links_bg":"","ocean_menu_social_links_color":"","ocean_menu_social_hover_links_color":"","ocean_disable_title":"on","ocean_disable_heading":"default","ocean_post_title":"","ocean_post_subheading":"","ocean_post_title_style":"","ocean_post_title_background_color":"","ocean_post_title_background":0,"ocean_post_title_bg_image_position":"","ocean_post_title_bg_image_attachment":"","ocean_post_title_bg_image_repeat":"","ocean_post_title_bg_image_size":"","ocean_post_title_height":0,"ocean_post_title_bg_overlay":0.5,"ocean_post_title_bg_overlay_color":"","ocean_disable_breadcrumbs":"default","ocean_breadcrumbs_color":"","ocean_breadcrumbs_separator_color":"","ocean_breadcrumbs_links_color":"","ocean_breadcrumbs_links_hover_color":"","ocean_display_footer_widgets":"default","ocean_display_footer_bottom":"default","ocean_custom_footer_template":"0","footnotes":""},"class_list":["post-239105","page","type-page","status-publish","hentry","entry"],"yoast_head":"<!-- This site is optimized with the Yoast SEO plugin v26.0 - https:\/\/yoast.com\/wordpress\/plugins\/seo\/ -->\n<title>IMPRESSUM | Proximed Physio<\/title>\n<meta name=\"description\" content=\"IMPRESSUM | Proximed Physio\" \/>\n<meta name=\"robots\" content=\"noindex, nofollow\" \/>\n<meta property=\"og:locale\" content=\"en_GB\" \/>\n<meta property=\"og:type\" content=\"article\" \/>\n<meta property=\"og:title\" content=\"IMPRESSUM | Proximed Physio\" \/>\n<meta property=\"og:description\" content=\"IMPRESSUM | Proximed Physio\" \/>\n<meta property=\"og:url\" content=\"https:\/\/proximed-physio.de\/en\/impressum\/\" \/>\n<meta property=\"og:site_name\" content=\"Proximed Physio\" \/>\n<meta property=\"article:publisher\" content=\"https:\/\/www.facebook.com\/proximed\" \/>\n<meta property=\"article:modified_time\" content=\"2025-08-26T11:59:51+00:00\" \/>\n<meta name=\"twitter:card\" content=\"summary_large_image\" \/>\n<meta name=\"twitter:site\" content=\"@proximed\" \/>\n<meta name=\"twitter:label1\" content=\"Estimated reading time\" \/>\n\t<meta name=\"twitter:data1\" content=\"2 minutes\" \/>\n<script type=\"application\/ld+json\" class=\"yoast-schema-graph\">{\"@context\":\"https:\/\/schema.org\",\"@graph\":[{\"@type\":\"WebPage\",\"@id\":\"https:\/\/proximed-physio.de\/impressum\/\",\"url\":\"https:\/\/proximed-physio.de\/impressum\/\",\"name\":\"IMPRESSUM | Proximed Physio\",\"isPartOf\":{\"@id\":\"https:\/\/proximed-physio.de\/#website\"},\"datePublished\":\"2020-08-20T12:43:36+00:00\",\"dateModified\":\"2025-08-26T11:59:51+00:00\",\"description\":\"IMPRESSUM | Proximed Physio\",\"breadcrumb\":{\"@id\":\"https:\/\/proximed-physio.de\/impressum\/#breadcrumb\"},\"inLanguage\":\"en-GB\",\"potentialAction\":[{\"@type\":\"ReadAction\",\"target\":[\"https:\/\/proximed-physio.de\/impressum\/\"]}]},{\"@type\":\"BreadcrumbList\",\"@id\":\"https:\/\/proximed-physio.de\/impressum\/#breadcrumb\",\"itemListElement\":[{\"@type\":\"ListItem\",\"position\":1,\"name\":\"Home\",\"item\":\"https:\/\/proximed-physio.de\/\"},{\"@type\":\"ListItem\",\"position\":2,\"name\":\"IMPRESSUM\"}]},{\"@type\":\"WebSite\",\"@id\":\"https:\/\/proximed-physio.de\/#website\",\"url\":\"https:\/\/proximed-physio.de\/\",\"name\":\"Proximed Physio\",\"description\":\"Physiotherapie in Berlin Sch\u00f6neberg\",\"publisher\":{\"@id\":\"https:\/\/proximed-physio.de\/#organization\"},\"potentialAction\":[{\"@type\":\"SearchAction\",\"target\":{\"@type\":\"EntryPoint\",\"urlTemplate\":\"https:\/\/proximed-physio.de\/?s={search_term_string}\"},\"query-input\":{\"@type\":\"PropertyValueSpecification\",\"valueRequired\":true,\"valueName\":\"search_term_string\"}}],\"inLanguage\":\"en-GB\"},{\"@type\":\"Organization\",\"@id\":\"https:\/\/proximed-physio.de\/#organization\",\"name\":\"Proximed Physiotherapie Berlin\",\"url\":\"https:\/\/proximed-physio.de\/\",\"logo\":{\"@type\":\"ImageObject\",\"inLanguage\":\"en-GB\",\"@id\":\"https:\/\/proximed-physio.de\/#\/schema\/logo\/image\/\",\"url\":\"https:\/\/proximed-physio.de\/wp-content\/uploads\/2020\/01\/slides_proximed-physio-gmbh.png\",\"contentUrl\":\"https:\/\/proximed-physio.de\/wp-content\/uploads\/2020\/01\/slides_proximed-physio-gmbh.png\",\"width\":546,\"height\":266,\"caption\":\"Proximed Physiotherapie Berlin\"},\"image\":{\"@id\":\"https:\/\/proximed-physio.de\/#\/schema\/logo\/image\/\"},\"sameAs\":[\"https:\/\/www.facebook.com\/proximed\",\"https:\/\/x.com\/proximed\",\"https:\/\/www.instagram.com\/proximed_physio\/?hl=de\",\"https:\/\/de.linkedin.com\/public-profile\/in\/sascha-scheika-ba6691153?challengeId=AQEKCH9kaXwamQAAAXQqeeSyEmucZh2EOSG9-2GbAqgLLeX4gW4XXEl_CqZcFzZdJ9FazNB4JDRa8ozj7eMagMOltG5STDCWhg&amp;amp;amp;amp;amp;amp;submissionId=26d48163-22cd-2e16-4f4d-242eedd28775\",\"https:\/\/www.youtube.com\/channel\/UCfgkiRI4jnCCuwPCYAWMaKw\"]}]}<\/script>\n<!-- \/ Yoast SEO plugin. -->","yoast_head_json":{"title":"IMPRESSUM | Proximed Physio","description":"IMPRESSUM | Proximed Physio","robots":{"index":"noindex","follow":"nofollow"},"og_locale":"en_GB","og_type":"article","og_title":"IMPRESSUM | Proximed Physio","og_description":"IMPRESSUM | Proximed Physio","og_url":"https:\/\/proximed-physio.de\/en\/impressum\/","og_site_name":"Proximed Physio","article_publisher":"https:\/\/www.facebook.com\/proximed","article_modified_time":"2025-08-26T11:59:51+00:00","twitter_card":"summary_large_image","twitter_site":"@proximed","twitter_misc":{"Estimated reading time":"2 minutes"},"schema":{"@context":"https:\/\/schema.org","@graph":[{"@type":"WebPage","@id":"https:\/\/proximed-physio.de\/impressum\/","url":"https:\/\/proximed-physio.de\/impressum\/","name":"IMPRESSUM | Proximed Physio","isPartOf":{"@id":"https:\/\/proximed-physio.de\/#website"},"datePublished":"2020-08-20T12:43:36+00:00","dateModified":"2025-08-26T11:59:51+00:00","description":"IMPRESSUM | Proximed Physio","breadcrumb":{"@id":"https:\/\/proximed-physio.de\/impressum\/#breadcrumb"},"inLanguage":"en-GB","potentialAction":[{"@type":"ReadAction","target":["https:\/\/proximed-physio.de\/impressum\/"]}]},{"@type":"BreadcrumbList","@id":"https:\/\/proximed-physio.de\/impressum\/#breadcrumb","itemListElement":[{"@type":"ListItem","position":1,"name":"Home","item":"https:\/\/proximed-physio.de\/"},{"@type":"ListItem","position":2,"name":"IMPRESSUM"}]},{"@type":"WebSite","@id":"https:\/\/proximed-physio.de\/#website","url":"https:\/\/proximed-physio.de\/","name":"Proximed Physio","description":"Physiotherapie in Berlin Sch\u00f6neberg","publisher":{"@id":"https:\/\/proximed-physio.de\/#organization"},"potentialAction":[{"@type":"SearchAction","target":{"@type":"EntryPoint","urlTemplate":"https:\/\/proximed-physio.de\/?s={search_term_string}"},"query-input":{"@type":"PropertyValueSpecification","valueRequired":true,"valueName":"search_term_string"}}],"inLanguage":"en-GB"},{"@type":"Organization","@id":"https:\/\/proximed-physio.de\/#organization","name":"Proximed Physiotherapie Berlin","url":"https:\/\/proximed-physio.de\/","logo":{"@type":"ImageObject","inLanguage":"en-GB","@id":"https:\/\/proximed-physio.de\/#\/schema\/logo\/image\/","url":"https:\/\/proximed-physio.de\/wp-content\/uploads\/2020\/01\/slides_proximed-physio-gmbh.png","contentUrl":"https:\/\/proximed-physio.de\/wp-content\/uploads\/2020\/01\/slides_proximed-physio-gmbh.png","width":546,"height":266,"caption":"Proximed Physiotherapie Berlin"},"image":{"@id":"https:\/\/proximed-physio.de\/#\/schema\/logo\/image\/"},"sameAs":["https:\/\/www.facebook.com\/proximed","https:\/\/x.com\/proximed","https:\/\/www.instagram.com\/proximed_physio\/?hl=de","https:\/\/de.linkedin.com\/public-profile\/in\/sascha-scheika-ba6691153?challengeId=AQEKCH9kaXwamQAAAXQqeeSyEmucZh2EOSG9-2GbAqgLLeX4gW4XXEl_CqZcFzZdJ9FazNB4JDRa8ozj7eMagMOltG5STDCWhg&amp;amp;amp;amp;amp;amp;submissionId=26d48163-22cd-2e16-4f4d-242eedd28775","https:\/\/www.youtube.com\/channel\/UCfgkiRI4jnCCuwPCYAWMaKw"]}]}},"_links":{"self":[{"href":"https:\/\/proximed-physio.de\/en\/wp-json\/wp\/v2\/pages\/239105","targetHints":{"allow":["GET"]}}],"collection":[{"href":"https:\/\/proximed-physio.de\/en\/wp-json\/wp\/v2\/pages"}],"about":[{"href":"https:\/\/proximed-physio.de\/en\/wp-json\/wp\/v2\/types\/page"}],"author":[{"embeddable":true,"href":"https:\/\/proximed-physio.de\/en\/wp-json\/wp\/v2\/users\/8"}],"replies":[{"embeddable":true,"href":"https:\/\/proximed-physio.de\/en\/wp-json\/wp\/v2\/comments?post=239105"}],"version-history":[{"count":10,"href":"https:\/\/proximed-physio.de\/en\/wp-json\/wp\/v2\/pages\/239105\/revisions"}],"predecessor-version":[{"id":248443,"href":"https:\/\/proximed-physio.de\/en\/wp-json\/wp\/v2\/pages\/239105\/revisions\/248443"}],"wp:attachment":[{"href":"https:\/\/proximed-physio.de\/en\/wp-json\/wp\/v2\/media?parent=239105"}],"curies":[{"name":"wp","href":"https:\/\/api.w.org\/{rel}","templated":true}]}}