{"id":361,"date":"2020-01-29T13:27:10","date_gmt":"2020-01-29T13:27:10","guid":{"rendered":"https:\/\/proximed-physio.de\/?page_id=361"},"modified":"2022-11-21T12:54:40","modified_gmt":"2022-11-21T12:54:40","slug":"betriebliches-gesundheitsmanagement","status":"publish","type":"page","link":"https:\/\/proximed-physio.de\/pl\/betriebliches-gesundheitsmanagement\/","title":{"rendered":"ZARZ\u0104DZANIE ZDROWIEM ZAWODOWYM"},"content":{"rendered":"<div data-elementor-type=\"wp-page\" data-elementor-id=\"361\" class=\"elementor elementor-361\" data-elementor-post-type=\"page\">\n\t\t\t\t\t\t<section class=\"elementor-section elementor-top-section elementor-element elementor-element-2629b0d2 elementor-section-height-min-height elementor-section-boxed elementor-section-height-default elementor-section-items-middle\" data-id=\"2629b0d2\" data-element_type=\"section\" data-settings=\"{&quot;background_background&quot;:&quot;slideshow&quot;,&quot;background_slideshow_gallery&quot;:[{&quot;id&quot;:243752,&quot;url&quot;:&quot;https:\\\/\\\/proximed-physio.de\\\/wp-content\\\/uploads\\\/2021\\\/08\\\/proximed-q4-web-102-scaled.jpg&quot;}],&quot;background_slideshow_loop&quot;:&quot;yes&quot;,&quot;background_slideshow_slide_duration&quot;:5000,&quot;background_slideshow_slide_transition&quot;:&quot;fade&quot;,&quot;background_slideshow_transition_duration&quot;:500}\">\n\t\t\t\t\t\t\t<div class=\"elementor-background-overlay\"><\/div>\n\t\t\t\t\t\t\t<div class=\"elementor-container elementor-column-gap-default\">\n\t\t\t\t\t<div class=\"elementor-column elementor-col-100 elementor-top-column elementor-element elementor-element-77c33b7b\" data-id=\"77c33b7b\" data-element_type=\"column\" data-settings=\"{&quot;background_background&quot;:&quot;classic&quot;}\">\n\t\t\t<div class=\"elementor-widget-wrap\">\n\t\t\t\t\t\t\t<\/div>\n\t\t<\/div>\n\t\t\t\t\t<\/div>\n\t\t<\/section>\n\t\t\t\t<section class=\"elementor-section elementor-top-section elementor-element elementor-element-ad33d9 envato-kit-141-top-0 elementor-reverse-mobile elementor-section-boxed elementor-section-height-default elementor-section-height-default\" data-id=\"ad33d9\" data-element_type=\"section\" data-settings=\"{&quot;background_background&quot;:&quot;classic&quot;}\">\n\t\t\t\t\t\t\t<div class=\"elementor-background-overlay\"><\/div>\n\t\t\t\t\t\t\t<div class=\"elementor-container elementor-column-gap-wider\">\n\t\t\t\t\t<div class=\"elementor-column elementor-col-100 elementor-top-column elementor-element elementor-element-18dc68a\" data-id=\"18dc68a\" data-element_type=\"column\">\n\t\t\t<div class=\"elementor-widget-wrap elementor-element-populated\">\n\t\t\t\t\t\t<div class=\"elementor-element elementor-element-2e419916 elementor-invisible elementor-widget elementor-widget-heading\" data-id=\"2e419916\" data-element_type=\"widget\" data-settings=\"{&quot;_animation&quot;:&quot;fadeIn&quot;,&quot;_animation_delay&quot;:50}\" data-widget_type=\"heading.default\">\n\t\t\t\t<div class=\"elementor-widget-container\">\n\t\t\t\t\t<h1 class=\"elementor-heading-title elementor-size-default\">BEtriebliches Gesundheitsmanagement w Berlinie Sch\u00f6neber<\/h1>\t\t\t\t<\/div>\n\t\t\t\t<\/div>\n\t\t\t\t<div class=\"elementor-element elementor-element-6989a5ec elementor-invisible elementor-widget elementor-widget-heading\" data-id=\"6989a5ec\" data-element_type=\"widget\" data-settings=\"{&quot;_animation&quot;:&quot;fadeIn&quot;,&quot;_animation_delay&quot;:100}\" data-widget_type=\"heading.default\">\n\t\t\t\t<div class=\"elementor-widget-container\">\n\t\t\t\t\t<h2 class=\"elementor-heading-title elementor-size-default\">ZARZ\u0104DZANIE ZDROWIEM ZAWODOWYM W PROXIMED PHYSIO<\/h2>\t\t\t\t<\/div>\n\t\t\t\t<\/div>\n\t\t\t\t<div class=\"elementor-element elementor-element-3256d3c0 elementor-widget-divider--view-line elementor-invisible elementor-widget elementor-widget-divider\" data-id=\"3256d3c0\" data-element_type=\"widget\" data-settings=\"{&quot;_animation&quot;:&quot;fadeIn&quot;,&quot;_animation_delay&quot;:150}\" data-widget_type=\"divider.default\">\n\t\t\t\t<div class=\"elementor-widget-container\">\n\t\t\t\t\t\t\t<div class=\"elementor-divider\">\n\t\t\t<span class=\"elementor-divider-separator\">\n\t\t\t\t\t\t<\/span>\n\t\t<\/div>\n\t\t\t\t\t\t<\/div>\n\t\t\t\t<\/div>\n\t\t\t\t<div class=\"elementor-element elementor-element-36b3ac4f elementor-invisible elementor-widget elementor-widget-heading\" data-id=\"36b3ac4f\" data-element_type=\"widget\" data-settings=\"{&quot;_animation&quot;:&quot;fadeIn&quot;,&quot;_animation_delay&quot;:200}\" data-widget_type=\"heading.default\">\n\t\t\t\t<div class=\"elementor-widget-container\">\n\t\t\t\t\t<h2 class=\"elementor-heading-title elementor-size-default\">Betriebliches Gesundheitsmanagement findet dort statt, wo Sie es sich w\u00fcnschen. Zum BGM z\u00e4hlen etliche M\u00f6glichkeiten, Pr\u00fcfung der Ergonomie des Arbeitsplatzes. Auch die Arbeitsplatz Situation im Home Office wird besprochen und angegangen.\nMassnahmen \u00fcber den Gesundheitszustand Ihrer Mitarbeiter\/-innen schauen wir uns an und f\u00fchren, wenn Sie es m\u00f6chten, regelm\u00e4\u00dfig Gesundheitstage im Unternehmen durch.\nVerschiedene Sportprogramme sowie Massnahmen zur gesundheitlich orientierten Massage schliessen die M\u00f6glichkeiten bei weitem noch nicht ab.&nbsp;\n<\/h2>\t\t\t\t<\/div>\n\t\t\t\t<\/div>\n\t\t\t\t<div class=\"elementor-element elementor-element-001892d elementor-align-center elementor-widget elementor-widget-button\" data-id=\"001892d\" data-element_type=\"widget\" data-widget_type=\"button.default\">\n\t\t\t\t<div class=\"elementor-widget-container\">\n\t\t\t\t\t\t\t\t\t<div class=\"elementor-button-wrapper\">\n\t\t\t\t\t<a class=\"elementor-button elementor-button-link elementor-size-md elementor-animation-grow\" href=\"https:\/\/proximed-physio.de\/pl\/termine\/\">\n\t\t\t\t\t\t<span class=\"elementor-button-content-wrapper\">\n\t\t\t\t\t\t\t\t\t<span class=\"elementor-button-text\">KONTAKT Z NAMI<\/span>\n\t\t\t\t\t<\/span>\n\t\t\t\t\t<\/a>\n\t\t\t\t<\/div>\n\t\t\t\t\t\t\t\t<\/div>\n\t\t\t\t<\/div>\n\t\t\t\t\t<\/div>\n\t\t<\/div>\n\t\t\t\t\t<\/div>\n\t\t<\/section>\n\t\t\t\t<\/div>","protected":false},"excerpt":{"rendered":"<p>BEtriebliches Gesundheitsmanagement in Berlin Sch\u00f6neber BETRIEBLICHES GESUNDHEITSMANAGEMENT BEI PROXIMED PHYSIO Betriebliches Gesundheitsmanagement findet dort statt, wo Sie es sich w\u00fcnschen. Zum BGM z\u00e4hlen etliche M\u00f6glichkeiten, Pr\u00fcfung der Ergonomie des Arbeitsplatzes. Auch die Arbeitsplatz Situation im Home Office wird besprochen und angegangen. Massnahmen \u00fcber den Gesundheitszustand Ihrer Mitarbeiter\/-innen schauen wir uns an und f\u00fchren, wenn Sie [&hellip;]<\/p>","protected":false},"author":8,"featured_media":0,"parent":0,"menu_order":0,"comment_status":"closed","ping_status":"closed","template":"","meta":{"om_disable_all_campaigns":false,"_monsterinsights_skip_tracking":false,"_monsterinsights_sitenote_active":false,"_monsterinsights_sitenote_note":"","_monsterinsights_sitenote_category":0,"ocean_post_layout":"full-screen","ocean_both_sidebars_style":"","ocean_both_sidebars_content_width":0,"ocean_both_sidebars_sidebars_width":0,"ocean_sidebar":"0","ocean_second_sidebar":"0","ocean_disable_margins":"enable","ocean_add_body_class":"","ocean_shortcode_before_top_bar":"","ocean_shortcode_after_top_bar":"","ocean_shortcode_before_header":"","ocean_shortcode_after_header":"","ocean_has_shortcode":"","ocean_shortcode_after_title":"","ocean_shortcode_before_footer_widgets":"","ocean_shortcode_after_footer_widgets":"","ocean_shortcode_before_footer_bottom":"","ocean_shortcode_after_footer_bottom":"","ocean_display_top_bar":"off","ocean_display_header":"on","ocean_header_style":"","ocean_center_header_left_menu":"0","ocean_custom_header_template":"0","ocean_custom_logo":0,"ocean_custom_retina_logo":0,"ocean_custom_logo_max_width":0,"ocean_custom_logo_tablet_max_width":0,"ocean_custom_logo_mobile_max_width":0,"ocean_custom_logo_max_height":0,"ocean_custom_logo_tablet_max_height":0,"ocean_custom_logo_mobile_max_height":0,"ocean_header_custom_menu":"0","ocean_menu_typo_font_family":"0","ocean_menu_typo_font_subset":"","ocean_menu_typo_font_size":0,"ocean_menu_typo_font_size_tablet":0,"ocean_menu_typo_font_size_mobile":0,"ocean_menu_typo_font_size_unit":"px","ocean_menu_typo_font_weight":"","ocean_menu_typo_font_weight_tablet":"","ocean_menu_typo_font_weight_mobile":"","ocean_menu_typo_transform":"","ocean_menu_typo_transform_tablet":"","ocean_menu_typo_transform_mobile":"","ocean_menu_typo_line_height":0,"ocean_menu_typo_line_height_tablet":0,"ocean_menu_typo_line_height_mobile":0,"ocean_menu_typo_line_height_unit":"","ocean_menu_typo_spacing":0,"ocean_menu_typo_spacing_tablet":0,"ocean_menu_typo_spacing_mobile":0,"ocean_menu_typo_spacing_unit":"","ocean_menu_link_color":"","ocean_menu_link_color_hover":"","ocean_menu_link_color_active":"","ocean_menu_link_background":"","ocean_menu_link_hover_background":"","ocean_menu_link_active_background":"","ocean_menu_social_links_bg":"","ocean_menu_social_hover_links_bg":"","ocean_menu_social_links_color":"","ocean_menu_social_hover_links_color":"","ocean_disable_title":"on","ocean_disable_heading":"default","ocean_post_title":"","ocean_post_subheading":"","ocean_post_title_style":"","ocean_post_title_background_color":"","ocean_post_title_background":0,"ocean_post_title_bg_image_position":"","ocean_post_title_bg_image_attachment":"","ocean_post_title_bg_image_repeat":"","ocean_post_title_bg_image_size":"","ocean_post_title_height":0,"ocean_post_title_bg_overlay":0.5,"ocean_post_title_bg_overlay_color":"","ocean_disable_breadcrumbs":"off","ocean_breadcrumbs_color":"","ocean_breadcrumbs_separator_color":"","ocean_breadcrumbs_links_color":"","ocean_breadcrumbs_links_hover_color":"","ocean_display_footer_widgets":"off","ocean_display_footer_bottom":"default","ocean_custom_footer_template":"0","footnotes":""},"class_list":["post-361","page","type-page","status-publish","hentry","entry"],"yoast_head":"<!-- This site is optimized with the Yoast SEO plugin v26.0 - https:\/\/yoast.com\/wordpress\/plugins\/seo\/ -->\n<title>BETRIEBLICHES GESUNDHEITSMANAGEMENT | Proximed Physio<\/title>\n<meta name=\"description\" content=\"BETRIEBLICHES GESUNDHEITSMANAGEMENT | Proximed Physio | Gesunde und zufriedene Mitarbeiter im B\u00fcro und Homeoffice | Berlin Sch\u00f6neberg\" \/>\n<meta name=\"robots\" content=\"index, follow, max-snippet:-1, max-image-preview:large, max-video-preview:-1\" \/>\n<link rel=\"canonical\" href=\"https:\/\/proximed-physio.de\/pl\/betriebliches-gesundheitsmanagement\/\" \/>\n<meta property=\"og:locale\" content=\"pl_PL\" \/>\n<meta property=\"og:type\" content=\"article\" \/>\n<meta property=\"og:title\" content=\"BETRIEBLICHES GESUNDHEITSMANAGEMENT | Proximed Physio\" \/>\n<meta property=\"og:description\" content=\"BETRIEBLICHES GESUNDHEITSMANAGEMENT | Proximed Physio | Gesunde und zufriedene Mitarbeiter im B\u00fcro und Homeoffice | Berlin Sch\u00f6neberg\" \/>\n<meta property=\"og:url\" content=\"https:\/\/proximed-physio.de\/pl\/betriebliches-gesundheitsmanagement\/\" \/>\n<meta property=\"og:site_name\" content=\"Proximed Physio\" \/>\n<meta property=\"article:publisher\" content=\"https:\/\/www.facebook.com\/proximed\" \/>\n<meta property=\"article:modified_time\" content=\"2022-11-21T12:54:40+00:00\" \/>\n<meta name=\"twitter:card\" content=\"summary_large_image\" \/>\n<meta name=\"twitter:site\" content=\"@proximed\" \/>\n<meta name=\"twitter:label1\" content=\"Szacowany czas czytania\" \/>\n\t<meta name=\"twitter:data1\" content=\"1 minuta\" \/>\n<script type=\"application\/ld+json\" class=\"yoast-schema-graph\">{\"@context\":\"https:\/\/schema.org\",\"@graph\":[{\"@type\":\"WebPage\",\"@id\":\"https:\/\/proximed-physio.de\/betriebliches-gesundheitsmanagement\/\",\"url\":\"https:\/\/proximed-physio.de\/betriebliches-gesundheitsmanagement\/\",\"name\":\"BETRIEBLICHES GESUNDHEITSMANAGEMENT | Proximed Physio\",\"isPartOf\":{\"@id\":\"https:\/\/proximed-physio.de\/#website\"},\"datePublished\":\"2020-01-29T13:27:10+00:00\",\"dateModified\":\"2022-11-21T12:54:40+00:00\",\"description\":\"BETRIEBLICHES GESUNDHEITSMANAGEMENT | Proximed Physio | Gesunde und zufriedene Mitarbeiter im B\u00fcro und Homeoffice | Berlin Sch\u00f6neberg\",\"breadcrumb\":{\"@id\":\"https:\/\/proximed-physio.de\/betriebliches-gesundheitsmanagement\/#breadcrumb\"},\"inLanguage\":\"pl-PL\",\"potentialAction\":[{\"@type\":\"ReadAction\",\"target\":[\"https:\/\/proximed-physio.de\/betriebliches-gesundheitsmanagement\/\"]}]},{\"@type\":\"BreadcrumbList\",\"@id\":\"https:\/\/proximed-physio.de\/betriebliches-gesundheitsmanagement\/#breadcrumb\",\"itemListElement\":[{\"@type\":\"ListItem\",\"position\":1,\"name\":\"Home\",\"item\":\"https:\/\/proximed-physio.de\/\"},{\"@type\":\"ListItem\",\"position\":2,\"name\":\"BETRIEBLICHES GESUNDHEITSMANAGEMENT\"}]},{\"@type\":\"WebSite\",\"@id\":\"https:\/\/proximed-physio.de\/#website\",\"url\":\"https:\/\/proximed-physio.de\/\",\"name\":\"Proximed Physio\",\"description\":\"Physiotherapie in Berlin Sch\u00f6neberg\",\"publisher\":{\"@id\":\"https:\/\/proximed-physio.de\/#organization\"},\"potentialAction\":[{\"@type\":\"SearchAction\",\"target\":{\"@type\":\"EntryPoint\",\"urlTemplate\":\"https:\/\/proximed-physio.de\/?s={search_term_string}\"},\"query-input\":{\"@type\":\"PropertyValueSpecification\",\"valueRequired\":true,\"valueName\":\"search_term_string\"}}],\"inLanguage\":\"pl-PL\"},{\"@type\":\"Organization\",\"@id\":\"https:\/\/proximed-physio.de\/#organization\",\"name\":\"Proximed Physiotherapie Berlin\",\"url\":\"https:\/\/proximed-physio.de\/\",\"logo\":{\"@type\":\"ImageObject\",\"inLanguage\":\"pl-PL\",\"@id\":\"https:\/\/proximed-physio.de\/#\/schema\/logo\/image\/\",\"url\":\"https:\/\/proximed-physio.de\/wp-content\/uploads\/2020\/01\/slides_proximed-physio-gmbh.png\",\"contentUrl\":\"https:\/\/proximed-physio.de\/wp-content\/uploads\/2020\/01\/slides_proximed-physio-gmbh.png\",\"width\":546,\"height\":266,\"caption\":\"Proximed Physiotherapie Berlin\"},\"image\":{\"@id\":\"https:\/\/proximed-physio.de\/#\/schema\/logo\/image\/\"},\"sameAs\":[\"https:\/\/www.facebook.com\/proximed\",\"https:\/\/x.com\/proximed\",\"https:\/\/www.instagram.com\/proximed_physio\/?hl=de\",\"https:\/\/de.linkedin.com\/public-profile\/in\/sascha-scheika-ba6691153?challengeId=AQEKCH9kaXwamQAAAXQqeeSyEmucZh2EOSG9-2GbAqgLLeX4gW4XXEl_CqZcFzZdJ9FazNB4JDRa8ozj7eMagMOltG5STDCWhg&amp;amp;amp;amp;amp;amp;submissionId=26d48163-22cd-2e16-4f4d-242eedd28775\",\"https:\/\/www.youtube.com\/channel\/UCfgkiRI4jnCCuwPCYAWMaKw\"]}]}<\/script>\n<!-- \/ Yoast SEO plugin. -->","yoast_head_json":{"title":"BETRIEBLICHES GESUNDHEITSMANAGEMENT | Proximed Physio","description":"BETRIEBLICHES GESUNDHEITSMANAGEMENT | Proximed Physio | Gesunde und zufriedene Mitarbeiter im B\u00fcro und Homeoffice | Berlin Sch\u00f6neberg","robots":{"index":"index","follow":"follow","max-snippet":"max-snippet:-1","max-image-preview":"max-image-preview:large","max-video-preview":"max-video-preview:-1"},"canonical":"https:\/\/proximed-physio.de\/pl\/betriebliches-gesundheitsmanagement\/","og_locale":"pl_PL","og_type":"article","og_title":"BETRIEBLICHES GESUNDHEITSMANAGEMENT | Proximed Physio","og_description":"BETRIEBLICHES GESUNDHEITSMANAGEMENT | Proximed Physio | Gesunde und zufriedene Mitarbeiter im B\u00fcro und Homeoffice | Berlin Sch\u00f6neberg","og_url":"https:\/\/proximed-physio.de\/pl\/betriebliches-gesundheitsmanagement\/","og_site_name":"Proximed Physio","article_publisher":"https:\/\/www.facebook.com\/proximed","article_modified_time":"2022-11-21T12:54:40+00:00","twitter_card":"summary_large_image","twitter_site":"@proximed","twitter_misc":{"Szacowany czas czytania":"1 minuta"},"schema":{"@context":"https:\/\/schema.org","@graph":[{"@type":"WebPage","@id":"https:\/\/proximed-physio.de\/betriebliches-gesundheitsmanagement\/","url":"https:\/\/proximed-physio.de\/betriebliches-gesundheitsmanagement\/","name":"BETRIEBLICHES GESUNDHEITSMANAGEMENT | Proximed Physio","isPartOf":{"@id":"https:\/\/proximed-physio.de\/#website"},"datePublished":"2020-01-29T13:27:10+00:00","dateModified":"2022-11-21T12:54:40+00:00","description":"BETRIEBLICHES GESUNDHEITSMANAGEMENT | Proximed Physio | Gesunde und zufriedene Mitarbeiter im B\u00fcro und Homeoffice | Berlin Sch\u00f6neberg","breadcrumb":{"@id":"https:\/\/proximed-physio.de\/betriebliches-gesundheitsmanagement\/#breadcrumb"},"inLanguage":"pl-PL","potentialAction":[{"@type":"ReadAction","target":["https:\/\/proximed-physio.de\/betriebliches-gesundheitsmanagement\/"]}]},{"@type":"BreadcrumbList","@id":"https:\/\/proximed-physio.de\/betriebliches-gesundheitsmanagement\/#breadcrumb","itemListElement":[{"@type":"ListItem","position":1,"name":"Home","item":"https:\/\/proximed-physio.de\/"},{"@type":"ListItem","position":2,"name":"BETRIEBLICHES GESUNDHEITSMANAGEMENT"}]},{"@type":"WebSite","@id":"https:\/\/proximed-physio.de\/#website","url":"https:\/\/proximed-physio.de\/","name":"Proximed Physio","description":"Physiotherapie in Berlin Sch\u00f6neberg","publisher":{"@id":"https:\/\/proximed-physio.de\/#organization"},"potentialAction":[{"@type":"SearchAction","target":{"@type":"EntryPoint","urlTemplate":"https:\/\/proximed-physio.de\/?s={search_term_string}"},"query-input":{"@type":"PropertyValueSpecification","valueRequired":true,"valueName":"search_term_string"}}],"inLanguage":"pl-PL"},{"@type":"Organization","@id":"https:\/\/proximed-physio.de\/#organization","name":"Proximed Physiotherapie Berlin","url":"https:\/\/proximed-physio.de\/","logo":{"@type":"ImageObject","inLanguage":"pl-PL","@id":"https:\/\/proximed-physio.de\/#\/schema\/logo\/image\/","url":"https:\/\/proximed-physio.de\/wp-content\/uploads\/2020\/01\/slides_proximed-physio-gmbh.png","contentUrl":"https:\/\/proximed-physio.de\/wp-content\/uploads\/2020\/01\/slides_proximed-physio-gmbh.png","width":546,"height":266,"caption":"Proximed Physiotherapie Berlin"},"image":{"@id":"https:\/\/proximed-physio.de\/#\/schema\/logo\/image\/"},"sameAs":["https:\/\/www.facebook.com\/proximed","https:\/\/x.com\/proximed","https:\/\/www.instagram.com\/proximed_physio\/?hl=de","https:\/\/de.linkedin.com\/public-profile\/in\/sascha-scheika-ba6691153?challengeId=AQEKCH9kaXwamQAAAXQqeeSyEmucZh2EOSG9-2GbAqgLLeX4gW4XXEl_CqZcFzZdJ9FazNB4JDRa8ozj7eMagMOltG5STDCWhg&amp;amp;amp;amp;amp;amp;submissionId=26d48163-22cd-2e16-4f4d-242eedd28775","https:\/\/www.youtube.com\/channel\/UCfgkiRI4jnCCuwPCYAWMaKw"]}]}},"_links":{"self":[{"href":"https:\/\/proximed-physio.de\/pl\/wp-json\/wp\/v2\/pages\/361","targetHints":{"allow":["GET"]}}],"collection":[{"href":"https:\/\/proximed-physio.de\/pl\/wp-json\/wp\/v2\/pages"}],"about":[{"href":"https:\/\/proximed-physio.de\/pl\/wp-json\/wp\/v2\/types\/page"}],"author":[{"embeddable":true,"href":"https:\/\/proximed-physio.de\/pl\/wp-json\/wp\/v2\/users\/8"}],"replies":[{"embeddable":true,"href":"https:\/\/proximed-physio.de\/pl\/wp-json\/wp\/v2\/comments?post=361"}],"version-history":[{"count":10,"href":"https:\/\/proximed-physio.de\/pl\/wp-json\/wp\/v2\/pages\/361\/revisions"}],"predecessor-version":[{"id":247263,"href":"https:\/\/proximed-physio.de\/pl\/wp-json\/wp\/v2\/pages\/361\/revisions\/247263"}],"wp:attachment":[{"href":"https:\/\/proximed-physio.de\/pl\/wp-json\/wp\/v2\/media?parent=361"}],"curies":[{"name":"wp","href":"https:\/\/api.w.org\/{rel}","templated":true}]}}